{"id":1486,"date":"2023-06-30T21:45:30","date_gmt":"2023-06-30T21:45:30","guid":{"rendered":"https:\/\/apartahoteldoble3.com\/available-rooms\/"},"modified":"2023-06-30T21:45:30","modified_gmt":"2023-06-30T21:45:30","slug":"available-rooms","status":"publish","type":"page","link":"https:\/\/apartahoteldoble3.com\/en\/available-rooms\/","title":{"rendered":"Available rooms"},"content":{"rendered":"<div class=\"hotelier\">\n\t\n\n<form name=\"hotelier_datepicker\" method=\"post\" id=\"hotelier-datepicker\" class=\"datepicker-form\" action=\"https:\/\/apartahoteldoble3.com\/en\/available-rooms\/\" enctype=\"multipart\/form-data\" data-trp-original-action=\"https:\/\/apartahoteldoble3.com\/en\/available-rooms\/\">\n\n\t\n\t<span class=\"datepicker-input-select-wrapper\"><input class=\"datepicker-input-select\" type=\"text\" id=\"hotelier-datepicker-select\" value=\"\"><\/span>\n\t<input type=\"text\" id=\"hotelier-datepicker-checkin\" class=\"datepicker-input datepicker-input--checkin\" name=\"checkin\" value=\"2026-04-22\" style=\"display: none;\">\n\t<input type=\"text\" id=\"hotelier-datepicker-checkout\" class=\"datepicker-input datepicker-input--checkout\" name=\"checkout\" value=\"2026-04-23\" style=\"display: none;\">\n\n\t<input type=\"submit\" class=\"button button--datepicker\" name=\"hotelier_datepicker_button\" id=\"datepicker-button\" value=\"Check availability\" \/><input type=\"hidden\" name=\"trp-form-language\" value=\"en\"\/><\/form>\n\n\n\t\n\n\t<p class=\"selected-nights\">1-night stay<\/p>\n\n\n\t<form name=\"room_list\" method=\"post\" id=\"form--listing\" class=\"form--listing listing\" enctype=\"multipart\/form-data\" action=\"\">\n\n\t\t\n\t\t\n\t\t\n<ul class=\"listing__list\">\n\n\t\t\t\n\t\t\t\n\t\t\t\t\n\t\t\t\t\t\n<li class=\"listing__room listing__room--standard post-1488 room type-room status-publish has-post-thumbnail hentry\">\n\n\t<div class=\"room__content-wrapper\">\n\n\t\t<div class=\"room__content room__content--listing\">\n\n\t\t\t\n\n<h3 class=\"room__name room__name--listing\"><a class=\"room__link room__link--listing\" href=\"https:\/\/apartahoteldoble3.com\/en\/rooms\/habitacion-superior\/\" rel=\"bookmark\">Superior Apartment<\/a><\/h3>\n\n\t\t\t<div class=\"room__gallery room__gallery--listing\">\n\n\t\t\t\t\n<div class=\"room__image room__image--listing\">\n\n\t<a href=\"https:\/\/apartahoteldoble3.com\/wp-content\/uploads\/2023\/06\/DSC_0384-scaled.jpg\" data-size=\"2560x1707\" data-index=\"0\" class=\"room__gallery-thumbnail room__gallery-thumbnail--visible room__gallery-thumbnail--listing\" title=\"\"><img decoding=\"async\" width=\"75\" height=\"75\" src=\"https:\/\/apartahoteldoble3.com\/wp-content\/uploads\/2023\/06\/DSC_0384-300x300.jpg\" class=\"attachment-room_thumbnail size-room_thumbnail wp-post-image\" alt=\"DSC_0384\" title=\"DSC_0384\" srcset=\"https:\/\/apartahoteldoble3.com\/wp-content\/uploads\/2023\/06\/DSC_0384-300x300.jpg 300w, https:\/\/apartahoteldoble3.com\/wp-content\/uploads\/2023\/06\/DSC_0384-scaled-100x100.jpg 100w, https:\/\/apartahoteldoble3.com\/wp-content\/uploads\/2023\/06\/DSC_0384-150x150.jpg 150w\" sizes=\"(max-width: 75px) 100vw, 75px\" \/><\/a><\/div>\n\n\t<p><a href=\"#thumbnails-1488\" class=\"room__gallery-link room__gallery-link--listing\" data-index=\"0\">View gallery<\/a><\/p>\n\n\t<ul style=\"display:none\">\n\n\t\t<li><a href=\"https:\/\/apartahoteldoble3.com\/wp-content\/uploads\/2023\/06\/DSC_0352-scaled.jpg\" data-size=\"2560x1707\" data-index=\"1\" class=\"room__gallery-thumbnail room__gallery-thumbnail--listing\" title=\"\">DSC_0352<\/a><\/li><li><a href=\"https:\/\/apartahoteldoble3.com\/wp-content\/uploads\/2023\/06\/DSC_0377-scaled.jpg\" data-size=\"2560x1707\" data-index=\"2\" class=\"room__gallery-thumbnail room__gallery-thumbnail--listing\" title=\"\">DSC_0377<\/a><\/li><li><a href=\"https:\/\/apartahoteldoble3.com\/wp-content\/uploads\/2023\/06\/DSC_0382-scaled.jpg\" data-size=\"2560x1707\" data-index=\"3\" class=\"room__gallery-thumbnail room__gallery-thumbnail--listing\" title=\"\">DSC_0382<\/a><\/li><li><a href=\"https:\/\/apartahoteldoble3.com\/wp-content\/uploads\/2023\/06\/DSC_0354-scaled.jpg\" data-size=\"2560x1707\" data-index=\"4\" class=\"room__gallery-thumbnail room__gallery-thumbnail--listing\" title=\"\">DSC_0354<\/a><\/li><li><a href=\"https:\/\/apartahoteldoble3.com\/wp-content\/uploads\/2023\/06\/DSC_0358-scaled.jpg\" data-size=\"1707x2560\" data-index=\"5\" class=\"room__gallery-thumbnail room__gallery-thumbnail--listing\" title=\"\">DSC_0358<\/a><\/li><li><a href=\"https:\/\/apartahoteldoble3.com\/wp-content\/uploads\/2023\/06\/DSC_0345-scaled.jpg\" data-size=\"2560x1707\" data-index=\"6\" class=\"room__gallery-thumbnail room__gallery-thumbnail--listing\" title=\"\">DSC_0345<\/a><\/li>\n\t<\/ul>\n\n\n\t\t\t<\/div>\n\n\t\t\t\n<div class=\"room__description room__description--listing\">\n\t<p>The Superior Apartment has an area of 90 m\u00b2, (3) rooms, (1) bathroom, kitchen, and living-dining room, ideal for families of up to 6 people traveling for tourism or for 3 people traveling for business. Equipped with (1) Queen bed and\/or (2) Double beds, TV, hot water, and white linens.<\/p>\n<\/div>\n\n<p class=\"room__more\"><a class=\"room__more-link\" href=\"#room-details-1488\" data-closed=\"More about this room\" data-open=\"Hide room details\">More about this room<\/a><\/p>\n\n\t\t\t<div id=\"room-details-1488\" class=\"room__details room__details--listing\">\n\n\t\t\t\t\n\n<div class=\"room__meta room__meta--listing\">\n\n\t<p class=\"room__facilities room__facilities--listing\"><strong>Room facilities:<\/strong> desayunos, internet, parqueadero<\/p>\n\n<\/div>\n\n\n<div class=\"room__meta room__meta--listing\">\n\n\t\t\t<p class=\"room__size room__size--listing\"><strong>Room size:<\/strong> 90 m\u00b2<\/p>\n\t\n\t\t\t<p class=\"room__bed-size room__bed-size--listing\"><strong>Bed size(s):<\/strong> (1) cama Queen y\/o (2) camas Dobles<\/p>\n\t\n<\/div>\n\n<div class=\"room__conditions room__conditions--listing\">\n\n\t<strong class=\"room__conditions-title room__conditions-title--listing\">Room conditions:<\/strong>\n\n\t<ul class=\"room__conditions-list room__conditions-list--listing\">\n\n\t\n\t\t<li class=\"room__conditions-item room__conditions-item--listing\">Reservaci\u00f3n sin anticipo, se requiere confirmaci\u00f3n de hora de llegada, si no se confirma, la reserva ser\u00e1 cancela.<\/li>\n\n\t\n\t\t<li class=\"room__conditions-item room__conditions-item--listing\">La hora de registro debe ser antes de las 9:00 pm. Despu\u00e9s de esta hora la reserva queda cancelada.<\/li>\n\n\t\n\t\t<li class=\"room__conditions-item room__conditions-item--listing\">El servicio de parqueadero est\u00e1 ubicado a 3 cuadras del establecimiento<\/li>\n\n\t\n\t\t<li class=\"room__conditions-item room__conditions-item--listing\">Servicio de desayuno americano se ofrece en el Hotel San Marcos, ubicado a 5 cuadras del establecimiento<\/li>\n\n\t\n\t<\/ul>\n\n<\/div>\n\n\t\t\t<\/div>\n\n\t\t\t\n\t\t\t\n<div class=\"room__max-guests\">\n\t<strong class=\"room__max-guests-label\">Guests:<\/strong> <span class=\"max max6\">6<\/span>\n\n\t\t\t<div class=\"room__max-guests-recommendation\">Recommended for 6 adult(s) and 2 child(ren)<\/div>\n\t<\/div>\n\n\t\t\t\n\t\t\t\n\t\t\t\n\t\t\t\n\t\t\t\t\n\n\t\t\t\n\t\t<\/div><!-- .room__content -->\n\n\t\t<div class=\"room__actions\">\n\n\t\t\n\t<div class=\"room__price-wrapper room__price-wrapper--listing\">\n\t\t<span class=\"room__price room__price--listing\">Price: <span class=\"amount\">&#36;432,000<\/span><\/span>\n\t\t<span class=\"room__price-description\">Prices are per room<\/span>\n\t<\/div>\n\n\n\t\t\n\t\t\t\t\n\t\t\t\t\n<div class=\"add-to-cart-wrapper\">\n\n\t\n\t\t\n\t\t\n<div class=\"room-quantity\">\n\t<label class=\"room-quantity__label\" for=\"add-to-cart-room[2b9464c044cb79b21485548f5fba6c8c]\">Nr. rooms<\/label>\n\t<input type=\"number\" id=\"add-to-cart-room[2b9464c044cb79b21485548f5fba6c8c]\" step=\"1\" min=\"0\" max=\"3\" name=\"quantity[2b9464c044cb79b21485548f5fba6c8c]\" value=\"0\" title=\"Qty\" class=\"input-text room-quantity__input\" size=\"4\" \/>\n\n\t\n\t\n\t<\/div>\n\n\t\t<input type=\"hidden\" name=\"add_to_cart_room[2b9464c044cb79b21485548f5fba6c8c]\" value=\"1488\" \/>\n\t\t<input type=\"hidden\" name=\"rate_id[2b9464c044cb79b21485548f5fba6c8c]\" value=\"0\" \/>\n\n\t\t<a href=\"#reserve-button\" data-selected-text-singular=\"room selected\" data-selected-text-plural=\"rooms selected\" class=\"button button--add-to-cart\">Book now<\/a>\n\n\t\t\n\t\n<\/div>\n\n\t\t\t\t<\/div><!-- .room__actions -->\n\n\t\t\t<\/div><!-- .room__content-wrapper -->\n\n\t\t\n\t\t<\/li>\n\n\t\t\t\t\n\t\t\t\t\t\n<li class=\"listing__room listing__room--standard post-1524 room type-room status-publish has-post-thumbnail hentry\">\n\n\t<div class=\"room__content-wrapper\">\n\n\t\t<div class=\"room__content room__content--listing\">\n\n\t\t\t\n\t<mark class=\"room__only-x-left\">1 room left!<\/mark>\n\n<h3 class=\"room__name room__name--listing\"><a class=\"room__link room__link--listing\" href=\"https:\/\/apartahoteldoble3.com\/en\/rooms\/habitacion-estandar\/\" rel=\"bookmark\">Standard Apartmen<\/a><\/h3>\n\n\t\t\t<div class=\"room__gallery room__gallery--listing\">\n\n\t\t\t\t\n<div class=\"room__image room__image--listing\">\n\n\t<a href=\"https:\/\/apartahoteldoble3.com\/wp-content\/uploads\/2023\/06\/DSC_0330-scaled.jpg\" data-size=\"2560x1707\" data-index=\"0\" class=\"room__gallery-thumbnail room__gallery-thumbnail--visible room__gallery-thumbnail--listing\" title=\"\"><img decoding=\"async\" width=\"75\" height=\"75\" src=\"https:\/\/apartahoteldoble3.com\/wp-content\/uploads\/2023\/06\/DSC_0330-300x300.jpg\" class=\"attachment-room_thumbnail size-room_thumbnail wp-post-image\" alt=\"DSC_0330\" title=\"DSC_0330\" srcset=\"https:\/\/apartahoteldoble3.com\/wp-content\/uploads\/2023\/06\/DSC_0330-300x300.jpg 300w, https:\/\/apartahoteldoble3.com\/wp-content\/uploads\/2023\/06\/DSC_0330-scaled-100x100.jpg 100w, https:\/\/apartahoteldoble3.com\/wp-content\/uploads\/2023\/06\/DSC_0330-150x150.jpg 150w\" sizes=\"(max-width: 75px) 100vw, 75px\" \/><\/a><\/div>\n\n\t<p><a href=\"#thumbnails-1524\" class=\"room__gallery-link room__gallery-link--listing\" data-index=\"0\">View gallery<\/a><\/p>\n\n\t<ul style=\"display:none\">\n\n\t\t<li><a href=\"https:\/\/apartahoteldoble3.com\/wp-content\/uploads\/2023\/06\/DSC_0329-scaled.jpg\" data-size=\"2560x1707\" data-index=\"1\" class=\"room__gallery-thumbnail room__gallery-thumbnail--listing\" title=\"\">DSC_0329<\/a><\/li><li><a href=\"https:\/\/apartahoteldoble3.com\/wp-content\/uploads\/2023\/06\/DSC_0345-scaled.jpg\" data-size=\"2560x1707\" data-index=\"2\" class=\"room__gallery-thumbnail room__gallery-thumbnail--listing\" title=\"\">DSC_0345<\/a><\/li><li><a href=\"https:\/\/apartahoteldoble3.com\/wp-content\/uploads\/2023\/06\/DSC_0342-scaled.jpg\" data-size=\"2560x1707\" data-index=\"3\" class=\"room__gallery-thumbnail room__gallery-thumbnail--listing\" title=\"\">DSC_0342<\/a><\/li><li><a href=\"https:\/\/apartahoteldoble3.com\/wp-content\/uploads\/2023\/06\/DSC_0341-scaled.jpg\" data-size=\"2560x1707\" data-index=\"4\" class=\"room__gallery-thumbnail room__gallery-thumbnail--listing\" title=\"\">DSC_0341<\/a><\/li><li><a href=\"https:\/\/apartahoteldoble3.com\/wp-content\/uploads\/2023\/06\/DSC_0330-scaled.jpg\" data-size=\"2560x1707\" data-index=\"5\" class=\"room__gallery-thumbnail room__gallery-thumbnail--listing\" title=\"\">DSC_0330<\/a><\/li><li><a href=\"https:\/\/apartahoteldoble3.com\/wp-content\/uploads\/2023\/06\/DSC_0332-scaled.jpg\" data-size=\"2560x1707\" data-index=\"6\" class=\"room__gallery-thumbnail room__gallery-thumbnail--listing\" title=\"\">DSC_0332<\/a><\/li><li><a href=\"https:\/\/apartahoteldoble3.com\/wp-content\/uploads\/2023\/06\/DSC_0339-scaled.jpg\" data-size=\"2560x1707\" data-index=\"7\" class=\"room__gallery-thumbnail room__gallery-thumbnail--listing\" title=\"\">DSC_0339<\/a><\/li><li><a href=\"https:\/\/apartahoteldoble3.com\/wp-content\/uploads\/2023\/06\/DSC_0340-scaled.jpg\" data-size=\"2560x1707\" data-index=\"8\" class=\"room__gallery-thumbnail room__gallery-thumbnail--listing\" title=\"\">DSC_0340<\/a><\/li>\n\t<\/ul>\n\n\n\t\t\t<\/div>\n\n\t\t\t\n<div class=\"room__description room__description--listing\">\n\t<p>The Standard Apartment has an area of 50 m\u00b2, (1) bedroom, (1) bathroom, kitchen, and living-dining room, ideal for families of up to 2 people traveling for tourism. Furnished with (1) Queen bed, TV, hot water, white linens.<\/p>\n<\/div>\n\n<p class=\"room__more\"><a class=\"room__more-link\" href=\"#room-details-1524\" data-closed=\"More about this room\" data-open=\"Hide room details\">More about this room<\/a><\/p>\n\n\t\t\t<div id=\"room-details-1524\" class=\"room__details room__details--listing\">\n\n\t\t\t\t\n\n<div class=\"room__meta room__meta--listing\">\n\n\t\t\t<p class=\"room__size room__size--listing\"><strong>Room size:<\/strong> 50 m\u00b2<\/p>\n\t\n\t\t\t<p class=\"room__bed-size room__bed-size--listing\"><strong>Bed size(s):<\/strong> (1) Cama Queen<\/p>\n\t\n<\/div>\n\n<div class=\"room__conditions room__conditions--listing\">\n\n\t<strong class=\"room__conditions-title room__conditions-title--listing\">Room conditions:<\/strong>\n\n\t<ul class=\"room__conditions-list room__conditions-list--listing\">\n\n\t\n\t\t<li class=\"room__conditions-item room__conditions-item--listing\">Reservaci\u00f3n sin anticipo, se requiere confirmaci\u00f3n de hora de llegada, si no se confirma, la reserva ser\u00e1 cancela.<\/li>\n\n\t\n\t\t<li class=\"room__conditions-item room__conditions-item--listing\">La hora de ingreso m\u00e1s tardar a las 9:00 pm.<\/li>\n\n\t\n\t\t<li class=\"room__conditions-item room__conditions-item--listing\">El servicio de parqueadero est\u00e1 ubicado a 3 cuadras del establecimiento<\/li>\n\n\t\n\t\t<li class=\"room__conditions-item room__conditions-item--listing\">Servicio de desayuno americano se ofrece en el Hotel San Marcos, ubicado a 5 cuadras del establecimiento<\/li>\n\n\t\n\t<\/ul>\n\n<\/div>\n\n\t\t\t<\/div>\n\n\t\t\t\n\t\t\t\n<div class=\"room__max-guests\">\n\t<strong class=\"room__max-guests-label\">Guests:<\/strong> <span class=\"max max2\">2<\/span>\n\n\t\t\t<div class=\"room__max-guests-recommendation\">Recommended for 2 adult(s) and 1 child(ren)<\/div>\n\t<\/div>\n\n\t\t\t\n\t\t\t\n\t\t\t\n\t\t\t\n\t\t\t\t\n\n\t\t\t\n\t\t<\/div><!-- .room__content -->\n\n\t\t<div class=\"room__actions\">\n\n\t\t\n\t<div class=\"room__price-wrapper room__price-wrapper--listing\">\n\t\t<span class=\"room__price room__price--listing\">Price: <span class=\"amount\">&#36;144,000<\/span><\/span>\n\t\t<span class=\"room__price-description\">Prices are per room<\/span>\n\t<\/div>\n\n\n\t\t\n\t\t\t\t\n\t\t\t\t\n<div class=\"add-to-cart-wrapper\">\n\n\t\n\t\t\n\t\t\n<div class=\"room-quantity\">\n\t<label class=\"room-quantity__label\" for=\"add-to-cart-room[d19b949c58cc4b9463327a4d72f38e3e]\">Nr. rooms<\/label>\n\t<input type=\"number\" id=\"add-to-cart-room[d19b949c58cc4b9463327a4d72f38e3e]\" step=\"1\" min=\"0\" max=\"1\" name=\"quantity[d19b949c58cc4b9463327a4d72f38e3e]\" value=\"0\" title=\"Qty\" class=\"input-text room-quantity__input\" size=\"4\" \/>\n\n\t\n\t\n\t<\/div>\n\n\t\t<input type=\"hidden\" name=\"add_to_cart_room[d19b949c58cc4b9463327a4d72f38e3e]\" value=\"1524\" \/>\n\t\t<input type=\"hidden\" name=\"rate_id[d19b949c58cc4b9463327a4d72f38e3e]\" value=\"0\" \/>\n\n\t\t<a href=\"#reserve-button\" data-selected-text-singular=\"room selected\" data-selected-text-plural=\"rooms selected\" class=\"button button--add-to-cart\">Book now<\/a>\n\n\t\t\n\t\n<\/div>\n\n\t\t\t\t<\/div><!-- .room__actions -->\n\n\t\t\t<\/div><!-- .room__content-wrapper -->\n\n\t\t\n\t\t<\/li>\n\n\t\t\t\t\n\t\t\t\t\t\n<li class=\"listing__room listing__room--standard post-1582 room type-room status-publish has-post-thumbnail hentry\">\n\n\t<div class=\"room__content-wrapper\">\n\n\t\t<div class=\"room__content room__content--listing\">\n\n\t\t\t\n\n<h3 class=\"room__name room__name--listing\"><a class=\"room__link room__link--listing\" href=\"https:\/\/apartahoteldoble3.com\/en\/rooms\/duplex\/\" rel=\"bookmark\">Duplex Apartment<\/a><\/h3>\n\n\t\t\t<div class=\"room__gallery room__gallery--listing\">\n\n\t\t\t\t\n<div class=\"room__image room__image--listing\">\n\n\t<a href=\"https:\/\/apartahoteldoble3.com\/wp-content\/uploads\/2023\/06\/DSC_0332-scaled.jpg\" data-size=\"2560x1707\" data-index=\"0\" class=\"room__gallery-thumbnail room__gallery-thumbnail--visible room__gallery-thumbnail--listing\" title=\"\"><img decoding=\"async\" width=\"75\" height=\"75\" src=\"https:\/\/apartahoteldoble3.com\/wp-content\/uploads\/2023\/06\/DSC_0332-300x300.jpg\" class=\"attachment-room_thumbnail size-room_thumbnail wp-post-image\" alt=\"DSC_0332\" title=\"DSC_0332\" srcset=\"https:\/\/apartahoteldoble3.com\/wp-content\/uploads\/2023\/06\/DSC_0332-300x300.jpg 300w, https:\/\/apartahoteldoble3.com\/wp-content\/uploads\/2023\/06\/DSC_0332-scaled-100x100.jpg 100w, https:\/\/apartahoteldoble3.com\/wp-content\/uploads\/2023\/06\/DSC_0332-150x150.jpg 150w\" sizes=\"(max-width: 75px) 100vw, 75px\" \/><\/a><\/div>\n\n\t<p><a href=\"#thumbnails-1582\" class=\"room__gallery-link room__gallery-link--listing\" data-index=\"0\">View gallery<\/a><\/p>\n\n\t<ul style=\"display:none\">\n\n\t\t<li><a href=\"https:\/\/apartahoteldoble3.com\/wp-content\/uploads\/2023\/06\/DSC_0345-scaled.jpg\" data-size=\"2560x1707\" data-index=\"1\" class=\"room__gallery-thumbnail room__gallery-thumbnail--listing\" title=\"\">DSC_0345<\/a><\/li><li><a href=\"https:\/\/apartahoteldoble3.com\/wp-content\/uploads\/2023\/06\/DSC_0342-scaled.jpg\" data-size=\"2560x1707\" data-index=\"2\" class=\"room__gallery-thumbnail room__gallery-thumbnail--listing\" title=\"\">DSC_0342<\/a><\/li><li><a href=\"https:\/\/apartahoteldoble3.com\/wp-content\/uploads\/2023\/06\/DSC_0339-scaled.jpg\" data-size=\"2560x1707\" data-index=\"3\" class=\"room__gallery-thumbnail room__gallery-thumbnail--listing\" title=\"\">DSC_0339<\/a><\/li><li><a href=\"https:\/\/apartahoteldoble3.com\/wp-content\/uploads\/2023\/06\/DSC_0330-scaled.jpg\" data-size=\"2560x1707\" data-index=\"4\" class=\"room__gallery-thumbnail room__gallery-thumbnail--listing\" title=\"\">DSC_0330<\/a><\/li><li><a href=\"https:\/\/apartahoteldoble3.com\/wp-content\/uploads\/2023\/06\/DSC_0347-scaled.jpg\" data-size=\"2560x1707\" data-index=\"5\" class=\"room__gallery-thumbnail room__gallery-thumbnail--listing\" title=\"\">DSC_0347<\/a><\/li><li><a href=\"https:\/\/apartahoteldoble3.com\/wp-content\/uploads\/2023\/06\/DSC_0352-scaled.jpg\" data-size=\"2560x1707\" data-index=\"6\" class=\"room__gallery-thumbnail room__gallery-thumbnail--listing\" title=\"\">DSC_0352<\/a><\/li>\n\t<\/ul>\n\n\n\t\t\t<\/div>\n\n\t\t\t\n<div class=\"room__description room__description--listing\">\n\t<p>The Duplex Apartment has an area of 70 m\u00b2, (2) rooms, (1) bathroom, kitchen, and living-dining room, ideal for families of up to 4 people traveling for tourism or for 2 people traveling for business. Equipped with (1) Queen bed and\/or (1) Double bed, TV, hot water, and white linens.<\/p>\n<\/div>\n\n<p class=\"room__more\"><a class=\"room__more-link\" href=\"#room-details-1582\" data-closed=\"More about this room\" data-open=\"Hide room details\">More about this room<\/a><\/p>\n\n\t\t\t<div id=\"room-details-1582\" class=\"room__details room__details--listing\">\n\n\t\t\t\t\n\n<div class=\"room__meta room__meta--listing\">\n\n\t\t\t<p class=\"room__size room__size--listing\"><strong>Room size:<\/strong> 70 m\u00b2<\/p>\n\t\n\t\t\t<p class=\"room__bed-size room__bed-size--listing\"><strong>Bed size(s):<\/strong> (1) cama Queen y (1) cama Doble<\/p>\n\t\n<\/div>\n\n<div class=\"room__conditions room__conditions--listing\">\n\n\t<strong class=\"room__conditions-title room__conditions-title--listing\">Room conditions:<\/strong>\n\n\t<ul class=\"room__conditions-list room__conditions-list--listing\">\n\n\t\n\t\t<li class=\"room__conditions-item room__conditions-item--listing\">Reservaci\u00f3n sin anticipo, se requiere confirmaci\u00f3n de hora de llegada, si no se confirma, la reserva ser\u00e1 cancela.<\/li>\n\n\t\n\t\t<li class=\"room__conditions-item room__conditions-item--listing\">La hora de ingreso mas tardar a las 9:00 pm<\/li>\n\n\t\n\t\t<li class=\"room__conditions-item room__conditions-item--listing\">El servicio de parqueadero esta ubicado a 3 cuadras del establecimiento<\/li>\n\n\t\n\t\t<li class=\"room__conditions-item room__conditions-item--listing\">Servicio de desayuno americano se ofrece en el Hotel San Marcos, ubicado a 5 cuadras del establecimiento<\/li>\n\n\t\n\t<\/ul>\n\n<\/div>\n\n\t\t\t<\/div>\n\n\t\t\t\n\t\t\t\n<div class=\"room__max-guests\">\n\t<strong class=\"room__max-guests-label\">Guests:<\/strong> <span class=\"max max4\">4<\/span>\n\n\t\t\t<div class=\"room__max-guests-recommendation\">Recommended for 4 adult(s) and 2 child(ren)<\/div>\n\t<\/div>\n\n\t\t\t\n\t\t\t\n\t\t\t\n\t\t\t\n\t\t\t\t\n\n\t\t\t\n\t\t<\/div><!-- .room__content -->\n\n\t\t<div class=\"room__actions\">\n\n\t\t\n\t<div class=\"room__price-wrapper room__price-wrapper--listing\">\n\t\t<span class=\"room__price room__price--listing\">Price: <span class=\"amount\">&#36;72,000<\/span><\/span>\n\t\t<span class=\"room__price-description\">Prices are per room<\/span>\n\t<\/div>\n\n\n\t\t\n\t\t\t\t\n\t\t\t\t\n<div class=\"add-to-cart-wrapper\">\n\n\t\n\t\t\n\t\t\n<div class=\"room-quantity\">\n\t<label class=\"room-quantity__label\" for=\"add-to-cart-room[9f4c0fd25c731833309a9cdc77fdba11]\">Nr. rooms<\/label>\n\t<input type=\"number\" id=\"add-to-cart-room[9f4c0fd25c731833309a9cdc77fdba11]\" step=\"1\" min=\"0\" max=\"3\" name=\"quantity[9f4c0fd25c731833309a9cdc77fdba11]\" value=\"0\" title=\"Qty\" class=\"input-text room-quantity__input\" size=\"4\" \/>\n\n\t\n\t\n\t<\/div>\n\n\t\t<input type=\"hidden\" name=\"add_to_cart_room[9f4c0fd25c731833309a9cdc77fdba11]\" value=\"1582\" \/>\n\t\t<input type=\"hidden\" name=\"rate_id[9f4c0fd25c731833309a9cdc77fdba11]\" value=\"0\" \/>\n\n\t\t<a href=\"#reserve-button\" data-selected-text-singular=\"room selected\" data-selected-text-plural=\"rooms selected\" class=\"button button--add-to-cart\">Book now<\/a>\n\n\t\t\n\t\n<\/div>\n\n\t\t\t\t<\/div><!-- .room__actions -->\n\n\t\t\t<\/div><!-- .room__content-wrapper -->\n\n\t\t\n\t\t<\/li>\n\n\t\t\t\t\n\t\t\t\n\t\t\n<\/ul>\n\n\t\t\n\t\t\n<div id=\"reserve-rooms-button\">\n\n\t<input type=\"hidden\" id=\"_wpnonce\" name=\"_wpnonce\" value=\"ece299f7fa\" \/><input type=\"hidden\" name=\"_wp_http_referer\" value=\"\/en\/wp-json\/wp\/v2\/pages\/1486\" \/>\n\t\n\t<input type=\"submit\" class=\"button button--reserve\" name=\"hotelier_reserve_rooms_button\" id=\"reserve-button\" value=\"Reserve\" \/>\n\t\n<\/div>\n\n\t\t\n\t<input type=\"hidden\" name=\"trp-form-language\" value=\"en\"\/><\/form>\n\n\n<\/div>","protected":false},"excerpt":{"rendered":"","protected":false},"author":1,"featured_media":0,"parent":0,"menu_order":0,"comment_status":"closed","ping_status":"closed","template":"","meta":{"site-sidebar-layout":"default","site-content-layout":"default","ast-global-header-display":"","ast-banner-title-visibility":"","ast-main-header-display":"","ast-hfb-above-header-display":"","ast-hfb-below-header-display":"","ast-hfb-mobile-header-display":"","site-post-title":"","ast-breadcrumbs-content":"","ast-featured-img":"","footer-sml-layout":"","theme-transparent-header-meta":"","adv-header-id-meta":"","stick-header-meta":"","header-above-stick-meta":"","header-main-stick-meta":"","header-below-stick-meta":"","_joinchat":[],"footnotes":""},"class_list":["post-1486","page","type-page","status-publish","hentry"],"_links":{"self":[{"href":"https:\/\/apartahoteldoble3.com\/en\/wp-json\/wp\/v2\/pages\/1486","targetHints":{"allow":["GET"]}}],"collection":[{"href":"https:\/\/apartahoteldoble3.com\/en\/wp-json\/wp\/v2\/pages"}],"about":[{"href":"https:\/\/apartahoteldoble3.com\/en\/wp-json\/wp\/v2\/types\/page"}],"author":[{"embeddable":true,"href":"https:\/\/apartahoteldoble3.com\/en\/wp-json\/wp\/v2\/users\/1"}],"replies":[{"embeddable":true,"href":"https:\/\/apartahoteldoble3.com\/en\/wp-json\/wp\/v2\/comments?post=1486"}],"version-history":[{"count":0,"href":"https:\/\/apartahoteldoble3.com\/en\/wp-json\/wp\/v2\/pages\/1486\/revisions"}],"wp:attachment":[{"href":"https:\/\/apartahoteldoble3.com\/en\/wp-json\/wp\/v2\/media?parent=1486"}],"curies":[{"name":"wp","href":"https:\/\/api.w.org\/{rel}","templated":true}]}}